{"id":416,"date":"2019-12-07T20:05:37","date_gmt":"2019-12-07T20:05:37","guid":{"rendered":"http:\/\/matthiaszuchowski.de\/?page_id=416"},"modified":"2020-09-12T09:58:04","modified_gmt":"2020-09-12T07:58:04","slug":"research-2","status":"publish","type":"page","link":"https:\/\/www.matthiaszuchowski.de\/?page_id=416","title":{"rendered":"Publications"},"content":{"rendered":"\n<ol class=\"wp-block-list\"><li><a href=\"https:\/\/link.springer.com\/chapter\/10.1007%2F978-3-658-28643-9_9\" target=\"_blank\" rel=\"noreferrer noopener\">Zuchowski M.L., Kohler F. (2020) Professionelles Projektmanagement als Grundlage f\u00fcr erfolgreiche Innovationsentwicklung im Gesundheitswesen. In: Pfannstiel M., Kassel K., Rasche C. (eds). Innovationen und Innovationsmanagement im Gesundheitswesen. Springer Gabler, Wiesbaden.<\/a><\/li><li><a rel=\"noreferrer noopener\" href=\"https:\/\/www.thieme-connect.de\/products\/ejournals\/abstract\/10.1055\/s-0040-1709881\" target=\"_blank\">Zuchowski, M.L. (2020). Medizinische Spracherkennung &#8211; Weniger Dokumentationsaufwand, mehr Zeit. kma Klinik Management aktuell 25-04.<\/a><\/li><li><a rel=\"noreferrer noopener\" href=\"https:\/\/www.thieme-connect.de\/products\/ejournals\/abstract\/10.1055\/a-1115-6980\" target=\"_blank\">Zuchowski, M., Pashayeva A., Wohlrab M. (2020). Medizinische Spracherkennung im station\u00e4ren und ambulanten Einsatz &#8211; Eine systematische \u00dcbersicht. Gesundheits\u00f6konomie und Qualit\u00e4tsmanagement (eFirst).<\/a><\/li><li><a aria-label=\"Zuchowski, M.L. (2019). Projektportfoliomanagement - Die Unternehmensstrategie erfolgreich umsetzen. Klinik Management aktuell 2019; 24(12): 42-43. (opens in a new tab)\" rel=\"noreferrer noopener\" href=\"https:\/\/www.thieme-connect.com\/products\/ejournals\/abstract\/10.1055\/s-0039-1701109\" target=\"_blank\">Zuchowski, M.L. (2019). Projektportfoliomanagement &#8211; Die Unternehmensstrategie erfolgreich umsetzen. Klinik Management aktuell 2019; 24(12): 42-43.<\/a><\/li><li>Zuchowski, M. L. (2019). Wissensmanagement in der Medizin: Wie sich Arztpraxen, Kliniken &amp; MVZ besser vernetzen. Wissensmanagement 5-2019.<\/li><li>Zuchowski, M. L. (2019). Wissensmanagement in der Medizin: Wie Digitalisierungsprozesse das Gesundheitswesen ver\u00e4ndern. Wissensmanagement 2-2019.<\/li><li><a aria-label=\"Runde, A. und Zuchowski, M. L. (2018). Versorgung gemeinsam gestalten - von der kooperativen zur kollaborativen Leistungserbringung. Zeitschrift f\u00fcr F\u00fchrung und Personalmanagement der Gesundheitswirtschaft 4. (opens in a new tab)\" rel=\"noreferrer noopener\" href=\"https:\/\/www.hs-neu-ulm.de\/forschung\/forschungsinstitute-und-kompetenzzentren\/vernetzte-gesundheit\/fachzeitschrift\/ausgabe-102018\/\" target=\"_blank\">Runde, A. und Zuchowski, M. L. (2018). Versorgung gemeinsam gestalten &#8211; von der kooperativen zur kollaborativen Leistungserbringung. Zeitschrift f\u00fcr F\u00fchrung und Personalmanagement der Gesundheitswirtschaft 4.<\/a><\/li><li>Zuchowski, M. L., Alscher, M. D., Wasser, C. und Pannes, D. (2018). Sektorengrenzen sicher \u00fcberwinden &#8211; Das Manchester Triage System als Bindeglied zwischen Notaufnahme und Krankenhaus-MVZ. K U Gesundheitsmanagement 34\u201336.<\/li><li><a aria-label=\" (opens in a new tab)\" rel=\"noreferrer noopener\" href=\"https:\/\/www.ncbi.nlm.nih.gov\/pubmed\/30236071\" target=\"_blank\">Boettger, S. F., Angersbach, B., Klimek, C. N., Wanderley, A. L. M., Shaibekov, A., Sieske, L., Wang, B., Zuchowski, M., Wirth, R. und Pourhassan, M. (2018). Prevalence and predictors of vitamin D-deficiency in frail older hospitalized patients. BMC Geriatr 18, 219.<\/a><\/li><li><a aria-label=\" (opens in a new tab)\" rel=\"noreferrer noopener\" href=\"https:\/\/www.ncbi.nlm.nih.gov\/pubmed\/24776785\" target=\"_blank\">Zuchowski, M. L., Timmann, D. und Gerwig, M. (2014). Acquisition of conditioned eyeblink responses is modulated by cerebellar tDCS. Brain Stimul 7.<\/a><\/li><\/ol>\n","protected":false},"excerpt":{"rendered":"<p>Zuchowski M.L., Kohler F. (2020) Professionelles Projektmanagement als Grundlage f\u00fcr erfolgreiche Innovationsentwicklung im Gesundheitswesen. In: Pfannstiel M., Kassel K., Rasche C. (eds). Innovationen und Innovationsmanagement im Gesundheitswesen. Springer Gabler, Wiesbaden.<a href=\"https:\/\/www.matthiaszuchowski.de\/?page_id=416\" class=\"more-link\"><span class=\"more-button\">Continue reading<span class=\"screen-reader-text\">Publications<\/span><\/span><\/a><\/p>\n","protected":false},"author":1,"featured_media":0,"parent":0,"menu_order":0,"comment_status":"closed","ping_status":"closed","template":"","meta":{"footnotes":""},"class_list":["post-416","page","type-page","status-publish","hentry"],"_links":{"self":[{"href":"https:\/\/www.matthiaszuchowski.de\/index.php?rest_route=\/wp\/v2\/pages\/416","targetHints":{"allow":["GET"]}}],"collection":[{"href":"https:\/\/www.matthiaszuchowski.de\/index.php?rest_route=\/wp\/v2\/pages"}],"about":[{"href":"https:\/\/www.matthiaszuchowski.de\/index.php?rest_route=\/wp\/v2\/types\/page"}],"author":[{"embeddable":true,"href":"https:\/\/www.matthiaszuchowski.de\/index.php?rest_route=\/wp\/v2\/users\/1"}],"replies":[{"embeddable":true,"href":"https:\/\/www.matthiaszuchowski.de\/index.php?rest_route=%2Fwp%2Fv2%2Fcomments&post=416"}],"version-history":[{"count":20,"href":"https:\/\/www.matthiaszuchowski.de\/index.php?rest_route=\/wp\/v2\/pages\/416\/revisions"}],"predecessor-version":[{"id":644,"href":"https:\/\/www.matthiaszuchowski.de\/index.php?rest_route=\/wp\/v2\/pages\/416\/revisions\/644"}],"wp:attachment":[{"href":"https:\/\/www.matthiaszuchowski.de\/index.php?rest_route=%2Fwp%2Fv2%2Fmedia&parent=416"}],"curies":[{"name":"wp","href":"https:\/\/api.w.org\/{rel}","templated":true}]}}